{"id":252,"date":"2025-07-16T13:31:14","date_gmt":"2025-07-16T13:31:14","guid":{"rendered":"https:\/\/fermador.ro\/?page_id=252"},"modified":"2025-08-29T10:00:58","modified_gmt":"2025-08-29T10:00:58","slug":"despre-noi","status":"publish","type":"page","link":"https:\/\/fermador.ro\/index.php\/despre-noi\/","title":{"rendered":"Despre noi"},"content":{"rendered":"\t\t<div data-elementor-type=\"wp-page\" data-elementor-id=\"252\" class=\"elementor elementor-252\" data-elementor-post-type=\"page\">\n\t\t\t\t<div class=\"elementor-element elementor-element-af94de4 e-flex e-con-boxed e-con e-parent\" data-id=\"af94de4\" data-element_type=\"container\" data-settings=\"{&quot;background_background&quot;:&quot;classic&quot;}\">\n\t\t\t\t\t<div class=\"e-con-inner\">\n\t\t\t\t<div class=\"elementor-element elementor-element-128d551 elementor-widget elementor-widget-heading\" data-id=\"128d551\" data-element_type=\"widget\" data-widget_type=\"heading.default\">\n\t\t\t\t<div class=\"elementor-widget-container\">\n\t\t\t\t\t<h2 class=\"elementor-heading-title elementor-size-default\">Despre noi<\/h2>\t\t\t\t<\/div>\n\t\t\t\t<\/div>\n\t\t\t\t<div class=\"elementor-element elementor-element-a1d6043 elementor-widget elementor-widget-heading\" data-id=\"a1d6043\" data-element_type=\"widget\" data-widget_type=\"heading.default\">\n\t\t\t\t<div class=\"elementor-widget-container\">\n\t\t\t\t\t<h2 class=\"elementor-heading-title elementor-size-default\">Acum trei decenii am pornit la drum ca o afacere de familie care \u0219i-a dorit s\u0103 ofere rom\u00e2nilor produse de calitate\n\nSuntem o firm\u0103 integrat\u0103 care \u00eembin\u0103 expertiza oamenilor \u0219i tehnologiilor de ultim\u0103 genera\u021bie \u0219i controleaz\u0103 calitatea \u00een fiecare etap\u0103 a produc\u021biei<\/h2>\t\t\t\t<\/div>\n\t\t\t\t<\/div>\n\t\t\t\t\t<\/div>\n\t\t\t\t<\/div>\n\t\t<div class=\"elementor-element elementor-element-d40648a e-con-full e-flex e-con e-parent\" data-id=\"d40648a\" data-element_type=\"container\">\n\t\t\t\t<div class=\"elementor-element elementor-element-0470a42 elementor-hidden-tablet elementor-hidden-mobile elementor-widget elementor-widget-image\" data-id=\"0470a42\" data-element_type=\"widget\" data-widget_type=\"image.default\">\n\t\t\t\t<div class=\"elementor-widget-container\">\n\t\t\t\t\t\t\t\t\t\t\t\t\t\t\t<img fetchpriority=\"high\" decoding=\"async\" width=\"2560\" height=\"35\" src=\"https:\/\/fermador.ro\/wp-content\/uploads\/2025\/07\/6x-scaled.png\" class=\"attachment-full size-full wp-image-757\" alt=\"\" srcset=\"https:\/\/fermador.ro\/wp-content\/uploads\/2025\/07\/6x-scaled.png 2560w, https:\/\/fermador.ro\/wp-content\/uploads\/2025\/07\/6x-300x4.png 300w, https:\/\/fermador.ro\/wp-content\/uploads\/2025\/07\/6x-1024x14.png 1024w, https:\/\/fermador.ro\/wp-content\/uploads\/2025\/07\/6x-768x11.png 768w, https:\/\/fermador.ro\/wp-content\/uploads\/2025\/07\/6x-1536x21.png 1536w, https:\/\/fermador.ro\/wp-content\/uploads\/2025\/07\/6x-2048x28.png 2048w\" sizes=\"(max-width: 2560px) 100vw, 2560px\" \/>\t\t\t\t\t\t\t\t\t\t\t\t\t\t\t<\/div>\n\t\t\t\t<\/div>\n\t\t\t\t<div class=\"elementor-element elementor-element-9cc4309 elementor-hidden-desktop elementor-hidden-laptop elementor-hidden-tablet elementor-widget elementor-widget-image\" data-id=\"9cc4309\" data-element_type=\"widget\" data-widget_type=\"image.default\">\n\t\t\t\t<div class=\"elementor-widget-container\">\n\t\t\t\t\t\t\t\t\t\t\t\t\t\t\t<img decoding=\"async\" width=\"475\" height=\"39\" src=\"https:\/\/fermador.ro\/wp-content\/uploads\/2025\/07\/Model-decoartiv-up-1.png\" class=\"attachment-full size-full wp-image-181\" alt=\"\" srcset=\"https:\/\/fermador.ro\/wp-content\/uploads\/2025\/07\/Model-decoartiv-up-1.png 475w, https:\/\/fermador.ro\/wp-content\/uploads\/2025\/07\/Model-decoartiv-up-1-300x25.png 300w\" sizes=\"(max-width: 475px) 100vw, 475px\" \/>\t\t\t\t\t\t\t\t\t\t\t\t\t\t\t<\/div>\n\t\t\t\t<\/div>\n\t\t\t\t<div class=\"elementor-element elementor-element-4722ddb elementor-hidden-desktop elementor-hidden-laptop elementor-hidden-mobile elementor-widget elementor-widget-image\" data-id=\"4722ddb\" data-element_type=\"widget\" data-widget_type=\"image.default\">\n\t\t\t\t<div class=\"elementor-widget-container\">\n\t\t\t\t\t\t\t\t\t\t\t\t\t\t\t<img decoding=\"async\" width=\"1425\" height=\"39\" src=\"https:\/\/fermador.ro\/wp-content\/uploads\/2025\/07\/3x.png\" class=\"attachment-full size-full wp-image-747\" alt=\"\" srcset=\"https:\/\/fermador.ro\/wp-content\/uploads\/2025\/07\/3x.png 1425w, https:\/\/fermador.ro\/wp-content\/uploads\/2025\/07\/3x-300x8.png 300w, https:\/\/fermador.ro\/wp-content\/uploads\/2025\/07\/3x-1024x28.png 1024w, https:\/\/fermador.ro\/wp-content\/uploads\/2025\/07\/3x-768x21.png 768w\" sizes=\"(max-width: 1425px) 100vw, 1425px\" \/>\t\t\t\t\t\t\t\t\t\t\t\t\t\t\t<\/div>\n\t\t\t\t<\/div>\n\t\t\t\t<\/div>\n\t\t<div class=\"elementor-element elementor-element-a1b7c3b e-flex e-con-boxed e-con e-parent\" data-id=\"a1b7c3b\" data-element_type=\"container\">\n\t\t\t\t\t<div class=\"e-con-inner\">\n\t\t\t\t<div class=\"elementor-element elementor-element-6fb935f e-n-tabs-mobile elementor-widget elementor-widget-n-tabs\" data-id=\"6fb935f\" data-element_type=\"widget\" data-settings=\"{&quot;tabs_justify_horizontal&quot;:&quot;stretch&quot;,&quot;horizontal_scroll&quot;:&quot;disable&quot;}\" data-widget_type=\"nested-tabs.default\">\n\t\t\t\t<div class=\"elementor-widget-container\">\n\t\t\t\t\t\t\t<div class=\"e-n-tabs\" data-widget-number=\"117150559\" aria-label=\"File. Deschizi elementele cu tasta Enter sau Spa\u021biu, le \u00eenchizi cu Esc \u0219i navighezi folosind tastele s\u0103ge\u021bi.\">\n\t\t\t<div class=\"e-n-tabs-heading\" role=\"tablist\">\n\t\t\t\t\t<button id=\"e-n-tab-title-1171505591\" class=\"e-n-tab-title\" aria-selected=\"true\" data-tab-index=\"1\" role=\"tab\" tabindex=\"0\" aria-controls=\"e-n-tab-content-1171505591\" style=\"--n-tabs-title-order: 1;\">\n\t\t\t\t\t\t<span class=\"e-n-tab-title-text\">\n\t\t\t\tDespre noi\t\t\t<\/span>\n\t\t<\/button>\n\t\t\t\t<button id=\"e-n-tab-title-1171505592\" class=\"e-n-tab-title\" aria-selected=\"false\" data-tab-index=\"2\" role=\"tab\" tabindex=\"-1\" aria-controls=\"e-n-tab-content-1171505592\" style=\"--n-tabs-title-order: 2;\">\n\t\t\t\t\t\t<span class=\"e-n-tab-title-text\">\n\t\t\t\tMisiune\t\t\t<\/span>\n\t\t<\/button>\n\t\t\t\t<button id=\"e-n-tab-title-1171505593\" class=\"e-n-tab-title\" aria-selected=\"false\" data-tab-index=\"3\" role=\"tab\" tabindex=\"-1\" aria-controls=\"e-n-tab-content-1171505593\" style=\"--n-tabs-title-order: 3;\">\n\t\t\t\t\t\t<span class=\"e-n-tab-title-text\">\n\t\t\t\tIstoric\t\t\t<\/span>\n\t\t<\/button>\n\t\t\t\t\t<\/div>\n\t\t\t<div class=\"e-n-tabs-content\">\n\t\t\t\t<div id=\"e-n-tab-content-1171505591\" role=\"tabpanel\" aria-labelledby=\"e-n-tab-title-1171505591\" data-tab-index=\"1\" style=\"--n-tabs-title-order: 1;\" class=\"e-active elementor-element elementor-element-62c5891 e-con-full e-flex e-con e-child\" data-id=\"62c5891\" data-element_type=\"container\">\n\t\t\t\t<div class=\"elementor-element elementor-element-29f5f3e elementor-widget elementor-widget-heading\" data-id=\"29f5f3e\" data-element_type=\"widget\" data-widget_type=\"heading.default\">\n\t\t\t\t<div class=\"elementor-widget-container\">\n\t\t\t\t\t<h2 class=\"elementor-heading-title elementor-size-default\">Despre Fermador<\/h2>\t\t\t\t<\/div>\n\t\t\t\t<\/div>\n\t\t\t\t<div class=\"elementor-element elementor-element-39e5883 elementor-widget elementor-widget-text-editor\" data-id=\"39e5883\" data-element_type=\"widget\" data-widget_type=\"text-editor.default\">\n\t\t\t\t<div class=\"elementor-widget-container\">\n\t\t\t\t\t\t\t\t\t<p>\u00cen 1994, c\u00e2nd am \u00eenfiin\u021bat Rom Trading Company, pia\u021ba rom\u00e2neasc\u0103 a c\u0103rnii de pas\u0103re era dominat\u0103 de importuri \u0219i produc\u0103tori cu capacit\u0103\u021bi limitate de control al calit\u0103\u021bii. Am v\u0103zut oportunitatea de a construi un sistem integrat, care s\u0103 ne permit\u0103 s\u0103 urm\u0103rim fiecare etap\u0103 de produc\u021bie &#8211; de la furajul administrat p\u0103s\u0103rilor p\u00e2n\u0103 la produsul finit care ajunge la consumator.<\/p><p>Primii ani au \u00eensemnat \u00eenv\u0103\u021barea specificului industriei \u0219i construirea \u00eencrederii cu primii clien\u021bi. \u00cen 2000, am f\u0103cut primul pas c\u0103tre integrarea vertical\u0103, prin achizi\u021bionarea sta\u021biei de incuba\u021bie din R\u0103zboieni. A urmat ferma de cre\u0219tere din Henci \u00een 2001, apoi abatorul modern din Podu Iloaiei \u00een 2008 &#8211; o investi\u021bie greenfield care ne-a permis s\u0103 aplic\u0103m cele mai noi tehnologii disponibile la acel moment.<\/p><p>Fiecare investi\u021bie a fost calculat\u0103 pentru a ne aduce mai aproape de obiectivul principal: controlul complet al lan\u021bului de produc\u021bie. Ast\u0103zi fabric\u0103m propriul furaj \u00eentr-o unitate cu capacitate de 45.000 de tone anual, cre\u0219tem p\u0103s\u0103rile \u00een fermele proprii cu o capacitate anual\u0103 de 10 milioane de p\u0103s\u0103ri, proces\u0103m \u00een abatorul peste 24.000 tone de produse anual \u0219i distribuim cu flota proprie c\u0103tre re\u021beaua de magazine \u0219i parteneri.<\/p><p>Aceast\u0103 evolu\u021bie ne-a \u00eenv\u0103\u021bat c\u0103, \u00een industria alimentar\u0103, calitatea constant\u0103 se ob\u021bine doar prin control direct asupra tuturor variabilelor care pot influen\u021ba produsul finit. Nu este vorba despre perfec\u021biune, ci despre predictibilitate \u0219i capacitatea de a identifica rapid orice abatere de la standardele stabilite.<\/p>\t\t\t\t\t\t\t\t<\/div>\n\t\t\t\t<\/div>\n\t\t\t\t<\/div>\n\t\t<div id=\"e-n-tab-content-1171505592\" role=\"tabpanel\" aria-labelledby=\"e-n-tab-title-1171505592\" data-tab-index=\"2\" style=\"--n-tabs-title-order: 2;\" class=\" elementor-element elementor-element-e2c7687 e-con-full e-flex e-con e-child\" data-id=\"e2c7687\" data-element_type=\"container\">\n\t\t\t\t<div class=\"elementor-element elementor-element-3b39dc0 elementor-widget elementor-widget-heading\" data-id=\"3b39dc0\" data-element_type=\"widget\" data-widget_type=\"heading.default\">\n\t\t\t\t<div class=\"elementor-widget-container\">\n\t\t\t\t\t<h2 class=\"elementor-heading-title elementor-size-default\">Misiunea noastr\u0103<\/h2>\t\t\t\t<\/div>\n\t\t\t\t<\/div>\n\t\t\t\t<div class=\"elementor-element elementor-element-3d08745 elementor-widget elementor-widget-text-editor\" data-id=\"3d08745\" data-element_type=\"widget\" data-widget_type=\"text-editor.default\">\n\t\t\t\t<div class=\"elementor-widget-container\">\n\t\t\t\t\t\t\t\t\t<p>Integrarea vertical\u0103 \u00een industria alimentar\u0103 nu este un obiectiv \u00een <span class=\"word\" data-words=\"sine,\u0219ine\">sine<\/span>, ci un mijloc de a ob\u021bine trasabilitate complet\u0103 \u0219i control <span class=\"word\" data-words=\"asupr\u0103,asupra\">asupra<\/span> calit\u0103\u021bii. Prin fabricarea propriului furaj, control\u0103m exact ce nutrien\u021bi primesc p\u0103s\u0103rile \u0219i \u00een ce propor\u021bii. <span class=\"word\" data-words=\"Ferm\u0103,Ferma\">Ferma<\/span> de Reproduc\u021bie \u0219i <span class=\"word\" data-words=\"Sta\u021bia,Statia\">Sta\u021bia<\/span> de <span class=\"word\" data-words=\"Incuba\u021bie,Incubatie\">Incuba\u021bie<\/span> ne <span class=\"word\" data-words=\"garanteaz\u0103,garanteaza\">garanteaz\u0103<\/span> pui de o zi <span class=\"word\" data-words=\"s\u0103n\u0103to\u0219i,sanatosi\">s\u0103n\u0103to\u0219i<\/span>, care <span class=\"word\" data-words=\"urmeaz\u0103,urmeaza\">urmeaz\u0103<\/span> <span class=\"word\" data-words=\"s\u0103,sa,\u0219a\">s\u0103<\/span> <span class=\"word\" data-words=\"ajung\u0103,ajunga\">ajung\u0103<\/span> <span class=\"word\" data-words=\"\u00een,in\">\u00een<\/span> fermele proprii de <span class=\"word\" data-words=\"cre\u0219tere,crestere\">cre\u0219tere<\/span>, unde <span class=\"word\" data-words=\"asiguram,asigur\u0103m\">asiguram<\/span> condi\u021biile de cre\u0219tere conform standardelor de bun\u0103stare animal\u0103 \u0219i monitoriz\u0103m zilnic starea lor.<\/p><p>Procesarea \u00een abatorul propriu ne permite s\u0103 aplic\u0103m procedurile conform standardelor asumate <span class=\"word\" data-words=\"\u0219i,si\">\u0219i<\/span> certificate ISO 9001, ISO 22000, IFS Food, de <span class=\"word\" data-words=\"la,l\u0103\">la<\/span> preluarea p\u0103s\u0103rilor vii p\u00e2n\u0103 <span class=\"word\" data-words=\"la,l\u0103\">la<\/span> ambalarea produsului finit, elimin\u00e2nd riscurile de contaminare \u00eencruci\u0219at\u0103 care pot <span class=\"word\" data-words=\"ap\u0103rea,aparea\">ap\u0103rea<\/span> <span class=\"word\" data-words=\"\u0219i,si\">\u0219i<\/span> <span class=\"word\" data-words=\"garant\u00e2nd,garantand\">garant\u00e2nd<\/span> <span class=\"word\" data-words=\"ob\u021binerea,obtinerea\">ob\u021binerea<\/span> unor produse de calitate <span class=\"word\" data-words=\"superioar\u0103,superioara\">superioar\u0103<\/span>. Distribu\u021bia cu <span class=\"word\" data-words=\"flot\u0103,flota\">flota<\/span> proprie asigur\u0103 men\u021binerea echilibrului termic \u0219i livrarea produselor <span class=\"word\" data-words=\"la,l\u0103\">la<\/span> punctele de v\u00e2nzare \u00een termenele planificate.<\/p><p>Aceast\u0103 abordare genereaz\u0103 costuri <span class=\"word\" data-words=\"mai,m\u0103i,m\u00e2i\">mai<\/span> <span class=\"word\" data-words=\"mari,m\u0103ri\">mari<\/span> pe termen scurt, dar ofer\u0103 stabilitate pe termen lung prin reducerea dependen\u021bei de furnizori externi \u0219i capacitatea de a reac\u021biona rapid <span class=\"word\" data-words=\"la,l\u0103\">la<\/span> modific\u0103rile cererii <span class=\"word\" data-words=\"sau,s\u0103u,\u0219au\">sau<\/span> <span class=\"word\" data-words=\"la,l\u0103\">la<\/span> problemele tehnice care pot ap\u0103rea \u00een orice verig\u0103 a lan\u021bului.<\/p><p>Responsabilitatea fa\u021b\u0103 de produsele pe care le comercializ\u0103m include \u0219i asumarea costurilor acestui sistem integrat. Clientul final beneficiaz\u0103 de trasabilitatea complet\u0103 &#8211; poate \u0219ti exact din ce ferm\u0103 provine produsul, cu ce furaj a fost hr\u0103nit\u0103 pas\u0103rea, c\u00e2nd a fost procesat\u0103 \u0219i \u00een ce condi\u021bii a fost transportat\u0103 c\u0103tre magazin.<\/p>\t\t\t\t\t\t\t\t<\/div>\n\t\t\t\t<\/div>\n\t\t\t\t<\/div>\n\t\t<div id=\"e-n-tab-content-1171505593\" role=\"tabpanel\" aria-labelledby=\"e-n-tab-title-1171505593\" data-tab-index=\"3\" style=\"--n-tabs-title-order: 3;\" class=\" elementor-element elementor-element-89c4821 e-con-full e-flex e-con e-child\" data-id=\"89c4821\" data-element_type=\"container\">\n\t\t\t\t<div class=\"elementor-element elementor-element-41a3759 elementor-widget elementor-widget-heading\" data-id=\"41a3759\" data-element_type=\"widget\" data-widget_type=\"heading.default\">\n\t\t\t\t<div class=\"elementor-widget-container\">\n\t\t\t\t\t<h2 class=\"elementor-heading-title elementor-size-default\">Cele mai importante repere din istoria companiei Fermador:<\/h2>\t\t\t\t<\/div>\n\t\t\t\t<\/div>\n\t\t\t\t<div class=\"elementor-element elementor-element-45f94dc elementor-widget elementor-widget-tp-style-list\" data-id=\"45f94dc\" data-element_type=\"widget\" data-widget_type=\"tp-style-list.default\">\n\t\t\t\t<div class=\"elementor-widget-container\">\n\t\t\t\t\t\n\t\t<div class=\"plus-stylist-list-wrapper    \"   data-layout=\"{&quot;desktop&quot;:&quot;default&quot;,&quot;tablet&quot;:&quot;default&quot;,&quot;mobile&quot;:&quot;default&quot;}\" >\n\t\t\t\n\t\t<ul class=\"plus-icon-list-items d-flex-center\">\n\t\t\t\t\t\t\t<li class=\"plus-icon-list-item elementor-repeater-item-8190f9e  active\" data-local=\"true\" >\t\t\t\t\n\t\t\t\t\n\t\t\t\t\t\n\t\t\t\t\t<div class=\"plus-icon-list-text \" >\n\t\t\t\t\t\t<p><i class=\"fa fa-circle\" style=\"color: #dbe2ea;font-size: 14px\" aria-hidden=\"true\"><\/i> <b style=\"color: #8b2238;font-family: Tahoma;font-size: 17px\">2023<\/b> - Moderniz\u0103m \u0219i extindem Sta\u021bia de Incuba\u021bie din R\u0103zboieni la standarde tehnologice actuale. Construim sta\u021bia de \u00eenc\u0103rcare pene \u0219i viscere \u00een abator \u0219i o nou\u0103 sta\u021bie de epurare.<\/p>\t\t\t\t\t<\/div>\n\n\t\t\t\t\t\t\t\t\t<\/li>\n\t\t\t\t\t\t\t\t<li class=\"plus-icon-list-item elementor-repeater-item-0f2c0ee  \" data-local=\"true\" >\t\t\t\t\n\t\t\t\t\n\t\t\t\t\t\n\t\t\t\t\t<div class=\"plus-icon-list-text \" >\n\t\t\t\t\t\t<p><i class=\"fa fa-circle\" style=\"color: #dbe2ea;font-size: 14px\" aria-hidden=\"true\"><\/i> <b style=\"color: #8b2238;font-family: Tahoma;font-size: 17px\">2022<\/b> - Este pus\u0103 \u00een func\u021biune Ferma S\u0103vine\u0219ti din jude\u021bul Neam\u021b.<\/p>\t\t\t\t\t<\/div>\n\n\t\t\t\t\t\t\t\t\t<\/li>\n\t\t\t\t\t\t\t\t<li class=\"plus-icon-list-item elementor-repeater-item-14feafe  \" data-local=\"true\" >\t\t\t\t\n\t\t\t\t\n\t\t\t\t\t\n\t\t\t\t\t<div class=\"plus-icon-list-text \" >\n\t\t\t\t\t\t<p><i class=\"fa fa-circle\" style=\"color: #dbe2ea;font-size: 14px\" aria-hidden=\"true\"><\/i> <b style=\"color: #8b2238;font-family: Tahoma;font-size: 17px\">2019<\/b>\u00a0- Moderniz\u0103m Ferma nr. 10 din T\u00e2rgu Frumos \u0219i achizi\u021bion\u0103m Ferma S\u0103vine\u0219ti pentru extindere.<\/p>\t\t\t\t\t<\/div>\n\n\t\t\t\t\t\t\t\t\t<\/li>\n\t\t\t\t\t\t\t\t<li class=\"plus-icon-list-item elementor-repeater-item-9ac0ceb  \" data-local=\"true\" >\t\t\t\t\n\t\t\t\t\n\t\t\t\t\t\n\t\t\t\t\t<div class=\"plus-icon-list-text \" >\n\t\t\t\t\t\t<p><i class=\"fa fa-circle\" style=\"color: #dbe2ea;font-size: 14px\" aria-hidden=\"true\"><\/i> <b style=\"color: #8b2238;font-family: Tahoma;font-size: 17px\">2019<\/b> - Dup\u0103 doi ani de construc\u021bie, inaugur\u0103m Fabrica de Nutre\u021buri Combinate din R\u0103zboieni. Extindem \u0219i moderniz\u0103m Abatorul din Podu-Iloaiei la 5000 de capete\/or\u0103. Moderniz\u0103m Ferma nr. 5-6 din R\u0103zboieni.<\/p>\t\t\t\t\t<\/div>\n\n\t\t\t\t\t\t\t\t\t<\/li>\n\t\t\t\t\t\t\t\t<li class=\"plus-icon-list-item elementor-repeater-item-d9df47a  \" data-local=\"true\" >\t\t\t\t\n\t\t\t\t\n\t\t\t\t\t\n\t\t\t\t\t<div class=\"plus-icon-list-text \" >\n\t\t\t\t\t\t<p><i class=\"fa fa-circle\" style=\"color: #dbe2ea;font-size: 14px\" aria-hidden=\"true\"><\/i> <b style=\"color: #8b2238;font-family: Tahoma;font-size: 17px\">2016<\/b> - Schimb\u0103m numele companiei din Rom Trading Company \u00een Fermador. Inaugur\u0103m Ferma de reproduc\u021bie din R\u0103zboieni \u0219i achizi\u021bion\u0103m activul func\u021bional de la T\u00e2rgu Frumos.<\/p>\t\t\t\t\t<\/div>\n\n\t\t\t\t\t\t\t\t\t<\/li>\n\t\t\t\t\t\t\t\t<li class=\"plus-icon-list-item elementor-repeater-item-bb4c890  \" data-local=\"true\" >\t\t\t\t\n\t\t\t\t\n\t\t\t\t\t\n\t\t\t\t\t<div class=\"plus-icon-list-text \" >\n\t\t\t\t\t\t<p><i class=\"fa fa-circle\" style=\"color: #dbe2ea;font-size: 14px\" aria-hidden=\"true\"><\/i> <b style=\"color: #8b2238;font-family: Tahoma;font-size: 17px\">2013<\/b>\u00a0- FermaDor devine Fermador prin rebranding, consolid\u00e2nd strategia de sistem integrat orientat c\u0103tre familie. Primim premiul special la \u201eCampioni \u00een business\u201d de la Ziarul Financiar.<\/p>\t\t\t\t\t<\/div>\n\n\t\t\t\t\t\t\t\t\t<\/li>\n\t\t\t\t\t\t\t\t<li class=\"plus-icon-list-item elementor-repeater-item-be2c4fa  \" data-local=\"true\" >\t\t\t\t\n\t\t\t\t\n\t\t\t\t\t\n\t\t\t\t\t<div class=\"plus-icon-list-text \" >\n\t\t\t\t\t\t<p><i class=\"fa fa-circle\" style=\"color: #dbe2ea;font-size: 14px\" aria-hidden=\"true\"><\/i> <b style=\"color: #8b2238;font-family: Tahoma;font-size: 17px\">2009<\/b> - Carrefour Rom\u00e2nia alege produsele noastre pentru marca proprie \u201eNo.1\u201d. Se na\u0219te brandul FermaDor.<\/p>\t\t\t\t\t<\/div>\n\n\t\t\t\t\t\t\t\t\t<\/li>\n\t\t\t\t\t\t\t\t<li class=\"plus-icon-list-item elementor-repeater-item-97798f1  \" data-local=\"true\" >\t\t\t\t\n\t\t\t\t\n\t\t\t\t\t\n\t\t\t\t\t<div class=\"plus-icon-list-text \" >\n\t\t\t\t\t\t<p><i class=\"fa fa-circle\" style=\"color: #dbe2ea;font-size: 14px\" aria-hidden=\"true\"><\/i> <b style=\"color: #8b2238;font-family: Tahoma;font-size: 17px\">2008<\/b> - Inaugur\u0103m abatorul modern din Podu Iloaiei, jude\u021bul Ia\u0219i - o investi\u021bie greenfield care ne permite s\u0103 control\u0103m complet calitatea.<\/p>\t\t\t\t\t<\/div>\n\n\t\t\t\t\t\t\t\t\t<\/li>\n\t\t\t\t\t\t\t\t<li class=\"plus-icon-list-item elementor-repeater-item-5ea50a8  \" data-local=\"true\" >\t\t\t\t\n\t\t\t\t\n\t\t\t\t\t\n\t\t\t\t\t<div class=\"plus-icon-list-text \" >\n\t\t\t\t\t\t<p><i class=\"fa fa-circle\" style=\"color: #dbe2ea;font-size: 14px\" aria-hidden=\"true\"><\/i> <b style=\"color: #8b2238;font-family: Tahoma;font-size: 17px\">2005<\/b>\u00a0- Implement\u0103m Standardul de Siguran\u021b\u0103 Alimentar\u0103 HACCP ISO 22000\/2005.<\/p>\t\t\t\t\t<\/div>\n\n\t\t\t\t\t\t\t\t\t<\/li>\n\t\t\t\t\t\t\t\t<li class=\"plus-icon-list-item elementor-repeater-item-57ed804  \" data-local=\"true\" >\t\t\t\t\n\t\t\t\t\n\t\t\t\t\t\n\t\t\t\t\t<div class=\"plus-icon-list-text \" >\n\t\t\t\t\t\t<p><i class=\"fa fa-circle\" style=\"color: #dbe2ea;font-size: 14px\" aria-hidden=\"true\"><\/i> <b style=\"color: #8b2238;font-family: Tahoma;font-size: 17px\">2001 <\/b>- Implement\u0103m ISO 9001\/2001. Achizi\u021bion\u0103m ferma din Henci, Podu Iloaiei. \u00cenregistr\u0103m prima marc\u0103: \u201eAuric\u0103, pui de aur\u201d.<\/p>\t\t\t\t\t<\/div>\n\n\t\t\t\t\t\t\t\t\t<\/li>\n\t\t\t\t\t\t\t\t<li class=\"plus-icon-list-item elementor-repeater-item-237f4b6  \" data-local=\"true\" >\t\t\t\t\n\t\t\t\t\n\t\t\t\t\t\n\t\t\t\t\t<div class=\"plus-icon-list-text \" >\n\t\t\t\t\t\t<p><i class=\"fa fa-circle\" style=\"color: #dbe2ea;font-size: 14px\" aria-hidden=\"true\"><\/i> <b style=\"color: #8b2238;font-family: Tahoma;font-size: 17px\">2001 <\/b>- Prima investi\u021bie \u00een avicultur\u0103 prin achizi\u021bia sta\u021biei de incuba\u021bie din R\u0103zboieni.<\/p>\t\t\t\t\t<\/div>\n\n\t\t\t\t\t\t\t\t\t<\/li>\n\t\t\t\t\t\t\t\t<li class=\"plus-icon-list-item elementor-repeater-item-98aa063  \" data-local=\"true\" >\t\t\t\t\n\t\t\t\t\n\t\t\t\t\t\n\t\t\t\t\t<div class=\"plus-icon-list-text \" >\n\t\t\t\t\t\t<p><i class=\"fa fa-circle\" style=\"color: #dbe2ea;font-size: 14px\" aria-hidden=\"true\"><\/i> <b style=\"color: #8b2238;font-family: Tahoma;font-size: 17px\">1994 <\/b>- Se na\u0219te Rom Trading Company ca afacere de familie, cu obiect principal comer\u021bul cu carne de pas\u0103re \u0219i alte produse alimentare.<\/p>\t\t\t\t\t<\/div>\n\n\t\t\t\t\t\t\t\t\t<\/li>\n\t\t\t\t\t\t<\/ul>\n\n\t\t\n\t\t<\/div>\t\t\n\n\t\t\t\t\t\t<\/div>\n\t\t\t\t<\/div>\n\t\t\t\t<\/div>\n\t\t\t\t\t<\/div>\n\t\t<\/div>\n\t\t\t\t\t\t<\/div>\n\t\t\t\t<\/div>\n\t\t\t\t\t<\/div>\n\t\t\t\t<\/div>\n\t\t\t\t<\/div>\n\t\t","protected":false},"excerpt":{"rendered":"<p>Despre noi Acum trei decenii am pornit la drum ca o afacere de familie care \u0219i-a dorit s\u0103 ofere rom\u00e2nilor [&hellip;]<\/p>\n","protected":false},"author":1,"featured_media":0,"parent":0,"menu_order":0,"comment_status":"closed","ping_status":"closed","template":"","meta":{"_acf_changed":false,"inline_featured_image":false,"site-sidebar-layout":"no-sidebar","site-content-layout":"","ast-site-content-layout":"full-width-container","site-content-style":"default","site-sidebar-style":"default","ast-global-header-display":"","ast-banner-title-visibility":"","ast-main-header-display":"","ast-hfb-above-header-display":"","ast-hfb-below-header-display":"","ast-hfb-mobile-header-display":"","site-post-title":"disabled","ast-breadcrumbs-content":"","ast-featured-img":"disabled","footer-sml-layout":"","theme-transparent-header-meta":"","adv-header-id-meta":"","stick-header-meta":"","header-above-stick-meta":"","header-main-stick-meta":"","header-below-stick-meta":"","astra-migrate-meta-layouts":"default","ast-page-background-enabled":"default","ast-page-background-meta":{"desktop":{"background-color":"var(--ast-global-color-5)","background-image":"","background-repeat":"repeat","background-position":"center center","background-size":"auto","background-attachment":"scroll","background-type":"","background-media":"","overlay-type":"","overlay-color":"","overlay-opacity":"","overlay-gradient":""},"tablet":{"background-color":"","background-image":"","background-repeat":"repeat","background-position":"center center","background-size":"auto","background-attachment":"scroll","background-type":"","background-media":"","overlay-type":"","overlay-color":"","overlay-opacity":"","overlay-gradient":""},"mobile":{"background-color":"","background-image":"","background-repeat":"repeat","background-position":"center center","background-size":"auto","background-attachment":"scroll","background-type":"","background-media":"","overlay-type":"","overlay-color":"","overlay-opacity":"","overlay-gradient":""}},"ast-content-background-meta":{"desktop":{"background-color":"var(--ast-global-color-4)","background-image":"","background-repeat":"repeat","background-position":"center center","background-size":"auto","background-attachment":"scroll","background-type":"","background-media":"","overlay-type":"","overlay-color":"","overlay-opacity":"","overlay-gradient":""},"tablet":{"background-color":"var(--ast-global-color-4)","background-image":"","background-repeat":"repeat","background-position":"center center","background-size":"auto","background-attachment":"scroll","background-type":"","background-media":"","overlay-type":"","overlay-color":"","overlay-opacity":"","overlay-gradient":""},"mobile":{"background-color":"var(--ast-global-color-4)","background-image":"","background-repeat":"repeat","background-position":"center center","background-size":"auto","background-attachment":"scroll","background-type":"","background-media":"","overlay-type":"","overlay-color":"","overlay-opacity":"","overlay-gradient":""}},"footnotes":""},"class_list":["post-252","page","type-page","status-publish","hentry"],"acf":[],"_links":{"self":[{"href":"https:\/\/fermador.ro\/index.php\/wp-json\/wp\/v2\/pages\/252","targetHints":{"allow":["GET"]}}],"collection":[{"href":"https:\/\/fermador.ro\/index.php\/wp-json\/wp\/v2\/pages"}],"about":[{"href":"https:\/\/fermador.ro\/index.php\/wp-json\/wp\/v2\/types\/page"}],"author":[{"embeddable":true,"href":"https:\/\/fermador.ro\/index.php\/wp-json\/wp\/v2\/users\/1"}],"replies":[{"embeddable":true,"href":"https:\/\/fermador.ro\/index.php\/wp-json\/wp\/v2\/comments?post=252"}],"version-history":[{"count":31,"href":"https:\/\/fermador.ro\/index.php\/wp-json\/wp\/v2\/pages\/252\/revisions"}],"predecessor-version":[{"id":3144,"href":"https:\/\/fermador.ro\/index.php\/wp-json\/wp\/v2\/pages\/252\/revisions\/3144"}],"wp:attachment":[{"href":"https:\/\/fermador.ro\/index.php\/wp-json\/wp\/v2\/media?parent=252"}],"curies":[{"name":"wp","href":"https:\/\/api.w.org\/{rel}","templated":true}]}}